{"id":30687,"date":"2026-04-03T05:54:30","date_gmt":"2026-04-03T03:54:30","guid":{"rendered":"https:\/\/claudy-clavien.ch\/produit\/diolinoir\/"},"modified":"2026-04-13T03:19:47","modified_gmt":"2026-04-13T01:19:47","slug":"diolinoir","status":"publish","type":"product","link":"https:\/\/claudy-clavien.ch\/de\/produit\/diolinoir\/","title":{"rendered":"Diolinoir"},"content":{"rendered":"","protected":false},"excerpt":{"rendered":"<p>Diese Schweizer Rebsorte, die durch die Befruchtung von ROUGE DE DIOLY mit PINOT-NOIR-Pollen gez\u00fcchtet wurde, wurde nach zwanzigj\u00e4hriger Beobachtungszeit in die offizielle Liste der Schweizer Weine aufgenommen. Der DOLINOIR ist ein lagerf\u00e4higer Wein, der eine perfekte Reifung ben\u00f6tigt, um seine ganzen Qualit\u00e4ten zu entfalten. Er ist ein vollmundiger Wein mit Aromen von schwarzen Fr\u00fcchten, Kirschen, Brombeeren und Veilchen. Mit seinen ausgepr\u00e4gten Tanninen passt er hervorragend zu Rinderfilet, Lamm und Schmorgerichten.<\/p>\n<p>AOC Valais<\/p>\n<p>Serviertemperatur : 16-18\u00b0c<\/p>\n<p>Enth\u00e4lt Sulfite<\/p>\n","protected":false},"featured_media":30441,"template":"","meta":[],"product_brand":[],"product_cat":[133,135],"product_tag":[],"class_list":{"0":"post-30687","1":"product","2":"type-product","3":"status-publish","4":"has-post-thumbnail","6":"product_cat-alle-unsere-weine","7":"product_cat-klassische-rotweine","9":"first","10":"instock","11":"shipping-taxable","12":"purchasable","13":"product-type-variable","14":"has-default-attributes"},"_links":{"self":[{"href":"https:\/\/claudy-clavien.ch\/de\/wp-json\/wp\/v2\/product\/30687","targetHints":{"allow":["GET"]}}],"collection":[{"href":"https:\/\/claudy-clavien.ch\/de\/wp-json\/wp\/v2\/product"}],"about":[{"href":"https:\/\/claudy-clavien.ch\/de\/wp-json\/wp\/v2\/types\/product"}],"version-history":[{"count":0,"href":"https:\/\/claudy-clavien.ch\/de\/wp-json\/wp\/v2\/product\/30687\/revisions"}],"wp:featuredmedia":[{"embeddable":true,"href":"https:\/\/claudy-clavien.ch\/de\/wp-json\/wp\/v2\/media\/30441"}],"wp:attachment":[{"href":"https:\/\/claudy-clavien.ch\/de\/wp-json\/wp\/v2\/media?parent=30687"}],"wp:term":[{"taxonomy":"product_brand","embeddable":true,"href":"https:\/\/claudy-clavien.ch\/de\/wp-json\/wp\/v2\/product_brand?post=30687"},{"taxonomy":"product_cat","embeddable":true,"href":"https:\/\/claudy-clavien.ch\/de\/wp-json\/wp\/v2\/product_cat?post=30687"},{"taxonomy":"product_tag","embeddable":true,"href":"https:\/\/claudy-clavien.ch\/de\/wp-json\/wp\/v2\/product_tag?post=30687"}],"curies":[{"name":"wp","href":"https:\/\/api.w.org\/{rel}","templated":true}]}}