{"id":30684,"date":"2026-04-03T05:16:46","date_gmt":"2026-04-03T03:16:46","guid":{"rendered":"https:\/\/claudy-clavien.ch\/produit\/assemblage-rouge-etats-dame\/"},"modified":"2026-04-13T03:19:50","modified_gmt":"2026-04-13T01:19:50","slug":"assemblage-rouge-etats-dame","status":"publish","type":"product","link":"https:\/\/claudy-clavien.ch\/de\/produit\/assemblage-rouge-etats-dame\/","title":{"rendered":"Assemblage rouge \u2014 \u00c9tats d&#8217;\u00c2me"},"content":{"rendered":"","protected":false},"excerpt":{"rendered":"<p>Einer der gro\u00dfen Klassiker des Hauses, und doch ist er jedes Jahr anders. Die drei Rebsorten, aus denen er besteht, harmonieren hier perfekt miteinander. Merlot und Cornalin bilden das Fundament und die Struktur, w\u00e4hrend der Pinot Noir ihm Finesse verleiht.<\/p>\n<p>AOC Valais<\/p>\n<p>Enth\u00e4lt Sulfite<\/p>\n","protected":false},"featured_media":30683,"template":"","meta":[],"product_brand":[],"product_cat":[133,136],"product_tag":[],"class_list":{"0":"post-30684","1":"product","2":"type-product","3":"status-publish","4":"has-post-thumbnail","6":"product_cat-alle-unsere-weine","7":"product_cat-barrique-auswahl","9":"first","10":"instock","11":"shipping-taxable","12":"purchasable","13":"product-type-variable","14":"has-default-attributes"},"_links":{"self":[{"href":"https:\/\/claudy-clavien.ch\/de\/wp-json\/wp\/v2\/product\/30684","targetHints":{"allow":["GET"]}}],"collection":[{"href":"https:\/\/claudy-clavien.ch\/de\/wp-json\/wp\/v2\/product"}],"about":[{"href":"https:\/\/claudy-clavien.ch\/de\/wp-json\/wp\/v2\/types\/product"}],"version-history":[{"count":0,"href":"https:\/\/claudy-clavien.ch\/de\/wp-json\/wp\/v2\/product\/30684\/revisions"}],"wp:featuredmedia":[{"embeddable":true,"href":"https:\/\/claudy-clavien.ch\/de\/wp-json\/wp\/v2\/media\/30683"}],"wp:attachment":[{"href":"https:\/\/claudy-clavien.ch\/de\/wp-json\/wp\/v2\/media?parent=30684"}],"wp:term":[{"taxonomy":"product_brand","embeddable":true,"href":"https:\/\/claudy-clavien.ch\/de\/wp-json\/wp\/v2\/product_brand?post=30684"},{"taxonomy":"product_cat","embeddable":true,"href":"https:\/\/claudy-clavien.ch\/de\/wp-json\/wp\/v2\/product_cat?post=30684"},{"taxonomy":"product_tag","embeddable":true,"href":"https:\/\/claudy-clavien.ch\/de\/wp-json\/wp\/v2\/product_tag?post=30684"}],"curies":[{"name":"wp","href":"https:\/\/api.w.org\/{rel}","templated":true}]}}