{"id":30677,"date":"2026-04-03T06:11:29","date_gmt":"2026-04-03T04:11:29","guid":{"rendered":"https:\/\/claudy-clavien.ch\/produit\/paien-larmes-du-terroir\/"},"modified":"2026-04-13T03:19:40","modified_gmt":"2026-04-13T01:19:40","slug":"paien-larmes-du-terroir","status":"publish","type":"product","link":"https:\/\/claudy-clavien.ch\/de\/produit\/paien-larmes-du-terroir\/","title":{"rendered":"Pa\u00efen &#8211; Larmes du Terroir"},"content":{"rendered":"","protected":false},"excerpt":{"rendered":"<p>SAVAGNIN BLANC, im Wallis als PA\u00cfEN und im Oberwallis als HEIDA bekannt. Dieser rustikale Wein mit seinen komplexen Aromen erinnert an exotische Fr\u00fcchte. Seine sch\u00f6ne S\u00e4ure verspricht ihm einige Jahre Reifung und eine Alterung, die ihm gut tun wird. Er eignet sich als Aperitif oder zu Fisch, Meeresfr\u00fcchten und Gefl\u00fcgel.<\/p>\n<p>AOC Valais<\/p>\n<p>Betriebstemperatur : 10-12\u00b0c<\/p>\n<p>Enth\u00e4lt Sulfite<\/p>\n","protected":false},"featured_media":30666,"template":"","meta":[],"product_brand":[],"product_cat":[133,134],"product_tag":[],"class_list":{"0":"post-30677","1":"product","2":"type-product","3":"status-publish","4":"has-post-thumbnail","6":"product_cat-alle-unsere-weine","7":"product_cat-klassische-weissweine","9":"first","10":"instock","11":"shipping-taxable","12":"purchasable","13":"product-type-variable","14":"has-default-attributes"},"_links":{"self":[{"href":"https:\/\/claudy-clavien.ch\/de\/wp-json\/wp\/v2\/product\/30677","targetHints":{"allow":["GET"]}}],"collection":[{"href":"https:\/\/claudy-clavien.ch\/de\/wp-json\/wp\/v2\/product"}],"about":[{"href":"https:\/\/claudy-clavien.ch\/de\/wp-json\/wp\/v2\/types\/product"}],"version-history":[{"count":0,"href":"https:\/\/claudy-clavien.ch\/de\/wp-json\/wp\/v2\/product\/30677\/revisions"}],"wp:featuredmedia":[{"embeddable":true,"href":"https:\/\/claudy-clavien.ch\/de\/wp-json\/wp\/v2\/media\/30666"}],"wp:attachment":[{"href":"https:\/\/claudy-clavien.ch\/de\/wp-json\/wp\/v2\/media?parent=30677"}],"wp:term":[{"taxonomy":"product_brand","embeddable":true,"href":"https:\/\/claudy-clavien.ch\/de\/wp-json\/wp\/v2\/product_brand?post=30677"},{"taxonomy":"product_cat","embeddable":true,"href":"https:\/\/claudy-clavien.ch\/de\/wp-json\/wp\/v2\/product_cat?post=30677"},{"taxonomy":"product_tag","embeddable":true,"href":"https:\/\/claudy-clavien.ch\/de\/wp-json\/wp\/v2\/product_tag?post=30677"}],"curies":[{"name":"wp","href":"https:\/\/api.w.org\/{rel}","templated":true}]}}