{"id":30657,"date":"2026-04-03T06:18:22","date_gmt":"2026-04-03T04:18:22","guid":{"rendered":"https:\/\/claudy-clavien.ch\/produit\/johannisberg\/"},"modified":"2026-04-28T17:35:43","modified_gmt":"2026-04-28T15:35:43","slug":"johannisberg","status":"publish","type":"product","link":"https:\/\/claudy-clavien.ch\/de\/produit\/johannisberg\/","title":{"rendered":"Johannisberg"},"content":{"rendered":"","protected":false},"excerpt":{"rendered":"<p>Wein aus der Rebsorte Sylvaner oder Gros Rhin. Wenn er auf Grundst\u00fccken mit g\u00fcnstiger Lage in mittlerer H\u00f6henlage gepflanzt wird, kann er seine Aromen und seinen edlen Charakter entfalten. In der Jugend dominiert die Bittermandel, mit zunehmendem Alter wird sie von der S\u00fc\u00dfmandel abgel\u00f6st. C\u2019est un tr\u00e8s beau vin de garde. Er passt hervorragend zu: Spargel, Sauerkraut, Chicor\u00e9e, Auberginen, Lachs, H\u00e4hnchen und Gerichten mit Zitrone.<\/p>\n<p>AOC Valais<\/p>\n<p>Betriebstemperatur : 8-10\u00b0c<\/p>\n<p>Enth\u00e4lt Sulfite<\/p>\n","protected":false},"featured_media":30656,"template":"","meta":[],"product_brand":[],"product_cat":[133,134],"product_tag":[],"class_list":{"0":"post-30657","1":"product","2":"type-product","3":"status-publish","4":"has-post-thumbnail","6":"product_cat-alle-unsere-weine","7":"product_cat-klassische-weissweine","9":"first","10":"instock","11":"shipping-taxable","12":"purchasable","13":"product-type-variable","14":"has-default-attributes"},"_links":{"self":[{"href":"https:\/\/claudy-clavien.ch\/de\/wp-json\/wp\/v2\/product\/30657","targetHints":{"allow":["GET"]}}],"collection":[{"href":"https:\/\/claudy-clavien.ch\/de\/wp-json\/wp\/v2\/product"}],"about":[{"href":"https:\/\/claudy-clavien.ch\/de\/wp-json\/wp\/v2\/types\/product"}],"version-history":[{"count":0,"href":"https:\/\/claudy-clavien.ch\/de\/wp-json\/wp\/v2\/product\/30657\/revisions"}],"wp:featuredmedia":[{"embeddable":true,"href":"https:\/\/claudy-clavien.ch\/de\/wp-json\/wp\/v2\/media\/30656"}],"wp:attachment":[{"href":"https:\/\/claudy-clavien.ch\/de\/wp-json\/wp\/v2\/media?parent=30657"}],"wp:term":[{"taxonomy":"product_brand","embeddable":true,"href":"https:\/\/claudy-clavien.ch\/de\/wp-json\/wp\/v2\/product_brand?post=30657"},{"taxonomy":"product_cat","embeddable":true,"href":"https:\/\/claudy-clavien.ch\/de\/wp-json\/wp\/v2\/product_cat?post=30657"},{"taxonomy":"product_tag","embeddable":true,"href":"https:\/\/claudy-clavien.ch\/de\/wp-json\/wp\/v2\/product_tag?post=30657"}],"curies":[{"name":"wp","href":"https:\/\/api.w.org\/{rel}","templated":true}]}}