{"id":30644,"date":"2026-04-03T06:30:45","date_gmt":"2026-04-03T04:30:45","guid":{"rendered":"https:\/\/claudy-clavien.ch\/produit\/dole-blanche-rose-des-vents\/"},"modified":"2026-04-13T03:19:07","modified_gmt":"2026-04-13T01:19:07","slug":"dole-blanche-rose-des-vents","status":"publish","type":"product","link":"https:\/\/claudy-clavien.ch\/de\/produit\/dole-blanche-rose-des-vents\/","title":{"rendered":"D\u00f4le Blanche &#8211; Rose des Vents"},"content":{"rendered":"","protected":false},"excerpt":{"rendered":"<p>Ein Ros\u00e9wein, der \u00fcberwiegend aus Pinot Noir und Gamay gekeltert wird. Eine kurze Mazeration verleiht ihm eine rosafarbene Note (Zwiebelschalen). Dieser Wein besticht durch seine Lebhaftigkeit und Frische. Sein leichter Restzucker sorgt f\u00fcr einen sehr sch\u00f6nen Kontrast. Er passt hervorragend zu asiatischen Gerichten, Vorspeisen oder Grillgerichten, S\u00fc\u00dfwasserfischen, frittierten Speisen, Weichk\u00e4se und Wurstwaren.<\/p>\n<p>AOC Valais<\/p>\n<p>Betriebstemperatur : 10-12\u00b0c<\/p>\n<p>Enth\u00e4lt Sulfite<\/p>\n","protected":false},"featured_media":30643,"template":"","meta":[],"product_brand":[],"product_cat":[133,134],"product_tag":[],"class_list":{"0":"post-30644","1":"product","2":"type-product","3":"status-publish","4":"has-post-thumbnail","6":"product_cat-alle-unsere-weine","7":"product_cat-klassische-weissweine","9":"first","10":"instock","11":"shipping-taxable","12":"purchasable","13":"product-type-variable","14":"has-default-attributes"},"_links":{"self":[{"href":"https:\/\/claudy-clavien.ch\/de\/wp-json\/wp\/v2\/product\/30644","targetHints":{"allow":["GET"]}}],"collection":[{"href":"https:\/\/claudy-clavien.ch\/de\/wp-json\/wp\/v2\/product"}],"about":[{"href":"https:\/\/claudy-clavien.ch\/de\/wp-json\/wp\/v2\/types\/product"}],"version-history":[{"count":0,"href":"https:\/\/claudy-clavien.ch\/de\/wp-json\/wp\/v2\/product\/30644\/revisions"}],"wp:featuredmedia":[{"embeddable":true,"href":"https:\/\/claudy-clavien.ch\/de\/wp-json\/wp\/v2\/media\/30643"}],"wp:attachment":[{"href":"https:\/\/claudy-clavien.ch\/de\/wp-json\/wp\/v2\/media?parent=30644"}],"wp:term":[{"taxonomy":"product_brand","embeddable":true,"href":"https:\/\/claudy-clavien.ch\/de\/wp-json\/wp\/v2\/product_brand?post=30644"},{"taxonomy":"product_cat","embeddable":true,"href":"https:\/\/claudy-clavien.ch\/de\/wp-json\/wp\/v2\/product_cat?post=30644"},{"taxonomy":"product_tag","embeddable":true,"href":"https:\/\/claudy-clavien.ch\/de\/wp-json\/wp\/v2\/product_tag?post=30644"}],"curies":[{"name":"wp","href":"https:\/\/api.w.org\/{rel}","templated":true}]}}