{"id":30640,"date":"2026-04-03T06:35:33","date_gmt":"2026-04-03T04:35:33","guid":{"rendered":"https:\/\/claudy-clavien.ch\/produit\/pinot-blanc\/"},"modified":"2026-04-13T03:19:03","modified_gmt":"2026-04-13T01:19:03","slug":"pinot-blanc","status":"publish","type":"product","link":"https:\/\/claudy-clavien.ch\/de\/produit\/pinot-blanc\/","title":{"rendered":"Pinot Blanc"},"content":{"rendered":"","protected":false},"excerpt":{"rendered":"<p>Diese Rebsorte ist ein Zufallsprodukt, das durch die Verf\u00e4rbung des PINOT GRIS entstanden ist. Tats\u00e4chlich handelt es sich um eine Mutation; ihre Verwandtschaft mit der PINOT-Familie ist unbestreitbar. Wird sie vor der \u00dcberreife geerntet, ist der Wein ausgewogen, s\u00fcffig, fein und sehr angenehm. Nach \u00dcberreife ist er reichhaltig und vollmundig, voller Kraft, die von Samt umh\u00fcllt ist. Ein Wein als Aperitif oder zu Fisch, Gem\u00fcsekroketten und Spargel.    <\/p>\n<p>AOC Valais<\/p>\n<p>Betriebstemperatur : 10-12\u00b0c<\/p>\n<p>Enth\u00e4lt Sulfite<\/p>\n","protected":false},"featured_media":30636,"template":"","meta":[],"product_brand":[],"product_cat":[133,137],"product_tag":[],"class_list":{"0":"post-30640","1":"product","2":"type-product","3":"status-publish","4":"has-post-thumbnail","6":"product_cat-alle-unsere-weine","7":"product_cat-weisse-spezialitaeten","9":"first","10":"instock","11":"shipping-taxable","12":"purchasable","13":"product-type-variable","14":"has-default-attributes"},"_links":{"self":[{"href":"https:\/\/claudy-clavien.ch\/de\/wp-json\/wp\/v2\/product\/30640","targetHints":{"allow":["GET"]}}],"collection":[{"href":"https:\/\/claudy-clavien.ch\/de\/wp-json\/wp\/v2\/product"}],"about":[{"href":"https:\/\/claudy-clavien.ch\/de\/wp-json\/wp\/v2\/types\/product"}],"version-history":[{"count":0,"href":"https:\/\/claudy-clavien.ch\/de\/wp-json\/wp\/v2\/product\/30640\/revisions"}],"wp:featuredmedia":[{"embeddable":true,"href":"https:\/\/claudy-clavien.ch\/de\/wp-json\/wp\/v2\/media\/30636"}],"wp:attachment":[{"href":"https:\/\/claudy-clavien.ch\/de\/wp-json\/wp\/v2\/media?parent=30640"}],"wp:term":[{"taxonomy":"product_brand","embeddable":true,"href":"https:\/\/claudy-clavien.ch\/de\/wp-json\/wp\/v2\/product_brand?post=30640"},{"taxonomy":"product_cat","embeddable":true,"href":"https:\/\/claudy-clavien.ch\/de\/wp-json\/wp\/v2\/product_cat?post=30640"},{"taxonomy":"product_tag","embeddable":true,"href":"https:\/\/claudy-clavien.ch\/de\/wp-json\/wp\/v2\/product_tag?post=30640"}],"curies":[{"name":"wp","href":"https:\/\/api.w.org\/{rel}","templated":true}]}}