{"id":30633,"date":"2026-04-03T06:39:42","date_gmt":"2026-04-03T04:39:42","guid":{"rendered":"https:\/\/claudy-clavien.ch\/produit\/syrah-encre-de-la-terre\/"},"modified":"2026-04-13T03:18:58","modified_gmt":"2026-04-13T01:18:58","slug":"syrah-encre-de-la-terre","status":"publish","type":"product","link":"https:\/\/claudy-clavien.ch\/de\/produit\/syrah-encre-de-la-terre\/","title":{"rendered":"Syrah \u2014 Encre de la Terre"},"content":{"rendered":"","protected":false},"excerpt":{"rendered":"<p>Die Syrah ist so typisch f\u00fcr die Rh\u00f4ne, dass sie im Wallis ihr ideales Anbaugebiet gefunden hat. Diese Erde-Tinte bringt das gemeinsame Gl\u00fcck dieser gro\u00dfartigen Rebsorte mit den Coteaux de Sierre zum Ausdruck. Der Ausbau in Holzf\u00e4ssern rundet hier einen konzentrierten, w\u00fcrzigen und vollmundigen Wein ab.<\/p>\n<p>AOC Valais<\/p>\n<p>Enth\u00e4lt Sulfite<\/p>\n","protected":false},"featured_media":30628,"template":"","meta":[],"product_brand":[],"product_cat":[133,136],"product_tag":[],"class_list":{"0":"post-30633","1":"product","2":"type-product","3":"status-publish","4":"has-post-thumbnail","6":"product_cat-alle-unsere-weine","7":"product_cat-barrique-auswahl","9":"first","10":"instock","11":"shipping-taxable","12":"purchasable","13":"product-type-variable","14":"has-default-attributes"},"_links":{"self":[{"href":"https:\/\/claudy-clavien.ch\/de\/wp-json\/wp\/v2\/product\/30633","targetHints":{"allow":["GET"]}}],"collection":[{"href":"https:\/\/claudy-clavien.ch\/de\/wp-json\/wp\/v2\/product"}],"about":[{"href":"https:\/\/claudy-clavien.ch\/de\/wp-json\/wp\/v2\/types\/product"}],"version-history":[{"count":0,"href":"https:\/\/claudy-clavien.ch\/de\/wp-json\/wp\/v2\/product\/30633\/revisions"}],"wp:featuredmedia":[{"embeddable":true,"href":"https:\/\/claudy-clavien.ch\/de\/wp-json\/wp\/v2\/media\/30628"}],"wp:attachment":[{"href":"https:\/\/claudy-clavien.ch\/de\/wp-json\/wp\/v2\/media?parent=30633"}],"wp:term":[{"taxonomy":"product_brand","embeddable":true,"href":"https:\/\/claudy-clavien.ch\/de\/wp-json\/wp\/v2\/product_brand?post=30633"},{"taxonomy":"product_cat","embeddable":true,"href":"https:\/\/claudy-clavien.ch\/de\/wp-json\/wp\/v2\/product_cat?post=30633"},{"taxonomy":"product_tag","embeddable":true,"href":"https:\/\/claudy-clavien.ch\/de\/wp-json\/wp\/v2\/product_tag?post=30633"}],"curies":[{"name":"wp","href":"https:\/\/api.w.org\/{rel}","templated":true}]}}