{"id":30630,"date":"2026-04-03T06:38:01","date_gmt":"2026-04-03T04:38:01","guid":{"rendered":"https:\/\/claudy-clavien.ch\/produit\/pinot-noir-la-part-des-anges\/"},"modified":"2026-04-13T03:19:00","modified_gmt":"2026-04-13T01:19:00","slug":"pinot-noir-la-part-des-anges","status":"publish","type":"product","link":"https:\/\/claudy-clavien.ch\/de\/produit\/pinot-noir-la-part-des-anges\/","title":{"rendered":"Pinot Noir \u2014 La Part des Anges"},"content":{"rendered":"","protected":false},"excerpt":{"rendered":"<p>Der Pinot Noir, eine Rebsorte von ganz besonderer Klasse, entfaltet hier sein volles Potenzial und schenkt uns nach einem langen Ausbau in Eichenf\u00e4ssern einen ausdrucksstarken und harmonischen Wein, der sich durch eine wundersch\u00f6ne Textur und intensive Aromen reifer Fr\u00fcchte auszeichnet.<\/p>\n<p>AOC Valais<\/p>\n<p>Contient des sulfites<\/p>\n","protected":false},"featured_media":30629,"template":"","meta":[],"product_brand":[],"product_cat":[133,136],"product_tag":[],"class_list":{"0":"post-30630","1":"product","2":"type-product","3":"status-publish","4":"has-post-thumbnail","6":"product_cat-alle-unsere-weine","7":"product_cat-barrique-auswahl","9":"first","10":"instock","11":"shipping-taxable","12":"purchasable","13":"product-type-variable","14":"has-default-attributes"},"_links":{"self":[{"href":"https:\/\/claudy-clavien.ch\/de\/wp-json\/wp\/v2\/product\/30630","targetHints":{"allow":["GET"]}}],"collection":[{"href":"https:\/\/claudy-clavien.ch\/de\/wp-json\/wp\/v2\/product"}],"about":[{"href":"https:\/\/claudy-clavien.ch\/de\/wp-json\/wp\/v2\/types\/product"}],"version-history":[{"count":0,"href":"https:\/\/claudy-clavien.ch\/de\/wp-json\/wp\/v2\/product\/30630\/revisions"}],"wp:featuredmedia":[{"embeddable":true,"href":"https:\/\/claudy-clavien.ch\/de\/wp-json\/wp\/v2\/media\/30629"}],"wp:attachment":[{"href":"https:\/\/claudy-clavien.ch\/de\/wp-json\/wp\/v2\/media?parent=30630"}],"wp:term":[{"taxonomy":"product_brand","embeddable":true,"href":"https:\/\/claudy-clavien.ch\/de\/wp-json\/wp\/v2\/product_brand?post=30630"},{"taxonomy":"product_cat","embeddable":true,"href":"https:\/\/claudy-clavien.ch\/de\/wp-json\/wp\/v2\/product_cat?post=30630"},{"taxonomy":"product_tag","embeddable":true,"href":"https:\/\/claudy-clavien.ch\/de\/wp-json\/wp\/v2\/product_tag?post=30630"}],"curies":[{"name":"wp","href":"https:\/\/api.w.org\/{rel}","templated":true}]}}