{"id":30624,"date":"2026-04-03T06:41:16","date_gmt":"2026-04-03T04:41:16","guid":{"rendered":"https:\/\/claudy-clavien.ch\/produit\/weisser-verschnitt-eclats-dame\/"},"modified":"2026-04-13T03:18:57","modified_gmt":"2026-04-13T01:18:57","slug":"weisser-verschnitt-eclats-dame","status":"publish","type":"product","link":"https:\/\/claudy-clavien.ch\/de\/produit\/weisser-verschnitt-eclats-dame\/","title":{"rendered":"Wei\u00dfer Verschnitt \u2014 \u00c9clats d&#8217;\u00c2me"},"content":{"rendered":"","protected":false},"excerpt":{"rendered":"<p>In einem Ganzen muss das Ergebnis noch besser sein als die Summe seiner Teile. Der Humagne Blanc (in Amphoren ausgebaut), die Petite Arvine und der Pa\u00efen erg\u00e4nzen sich hier perfekt und pr\u00e4gen einen Wein, der sowohl Charakter als auch Lebendigkeit besitzt.<\/p>\n<p>AOC Valais<\/p>\n<p>Enth\u00e4lt Sulfite<\/p>\n","protected":false},"featured_media":30623,"template":"","meta":[],"product_brand":[],"product_cat":[133,136],"product_tag":[],"class_list":{"0":"post-30624","1":"product","2":"type-product","3":"status-publish","4":"has-post-thumbnail","6":"product_cat-alle-unsere-weine","7":"product_cat-barrique-auswahl","9":"first","10":"instock","11":"shipping-taxable","12":"purchasable","13":"product-type-variable","14":"has-default-attributes"},"_links":{"self":[{"href":"https:\/\/claudy-clavien.ch\/de\/wp-json\/wp\/v2\/product\/30624","targetHints":{"allow":["GET"]}}],"collection":[{"href":"https:\/\/claudy-clavien.ch\/de\/wp-json\/wp\/v2\/product"}],"about":[{"href":"https:\/\/claudy-clavien.ch\/de\/wp-json\/wp\/v2\/types\/product"}],"version-history":[{"count":0,"href":"https:\/\/claudy-clavien.ch\/de\/wp-json\/wp\/v2\/product\/30624\/revisions"}],"wp:featuredmedia":[{"embeddable":true,"href":"https:\/\/claudy-clavien.ch\/de\/wp-json\/wp\/v2\/media\/30623"}],"wp:attachment":[{"href":"https:\/\/claudy-clavien.ch\/de\/wp-json\/wp\/v2\/media?parent=30624"}],"wp:term":[{"taxonomy":"product_brand","embeddable":true,"href":"https:\/\/claudy-clavien.ch\/de\/wp-json\/wp\/v2\/product_brand?post=30624"},{"taxonomy":"product_cat","embeddable":true,"href":"https:\/\/claudy-clavien.ch\/de\/wp-json\/wp\/v2\/product_cat?post=30624"},{"taxonomy":"product_tag","embeddable":true,"href":"https:\/\/claudy-clavien.ch\/de\/wp-json\/wp\/v2\/product_tag?post=30624"}],"curies":[{"name":"wp","href":"https:\/\/api.w.org\/{rel}","templated":true}]}}