{"id":30617,"date":"2026-04-03T06:42:45","date_gmt":"2026-04-03T04:42:45","guid":{"rendered":"https:\/\/claudy-clavien.ch\/produit\/cornalin\/"},"modified":"2026-04-29T21:21:06","modified_gmt":"2026-04-29T19:21:06","slug":"cornalin","status":"publish","type":"product","link":"https:\/\/claudy-clavien.ch\/de\/produit\/cornalin\/","title":{"rendered":"Cornalin"},"content":{"rendered":"","protected":false},"excerpt":{"rendered":"<p>Der CORNALIN, auch \u00ab Rouge du Pays \u00bb genannt, ist wahrscheinlich eine der \u00e4ltesten roten Rebsorten, die im Wallis angebaut wurden. Wie viele Stars ist auch der CORNALIN launisch. Er erfordert w\u00e4hrend des gesamten Weinbaujahres sorgf\u00e4ltige Pflege. Er verlangt die besten Parzellen, die sich am Fu\u00dfe der am besten exponierten H\u00e4nge befinden. Es muss von echten Fachleuten durchgef\u00fchrt werden. Genau wie die PETITE ARVINE ist sie sicherlich eines der sch\u00f6nsten Juwelen, die das Wallis zu bieten hat. Ein Wein, der die Kraft des Syrah mit der Finesse des Pinot Noir vereint. In seinen gro\u00dfen Jahrg\u00e4ngen zeichnet er sich durch Noten von roten Beeren, Sauerkirschen und Brombeeren aus. Er passt zu allen Wildgerichten sowie zu rotem Fleisch.<\/p>\n<p>AOC Valais<\/p>\n<p>Betriebstemperatur : 14-16\u00b0c<\/p>\n<p>Enth\u00e4lt Sulfite<\/p>\n","protected":false},"featured_media":30437,"template":"","meta":[],"product_brand":[],"product_cat":[133,138],"product_tag":[],"class_list":{"0":"post-30617","1":"product","2":"type-product","3":"status-publish","4":"has-post-thumbnail","6":"product_cat-alle-unsere-weine","7":"product_cat-rote-spezialitaeten","9":"first","10":"instock","11":"shipping-taxable","12":"purchasable","13":"product-type-variable","14":"has-default-attributes"},"_links":{"self":[{"href":"https:\/\/claudy-clavien.ch\/de\/wp-json\/wp\/v2\/product\/30617","targetHints":{"allow":["GET"]}}],"collection":[{"href":"https:\/\/claudy-clavien.ch\/de\/wp-json\/wp\/v2\/product"}],"about":[{"href":"https:\/\/claudy-clavien.ch\/de\/wp-json\/wp\/v2\/types\/product"}],"version-history":[{"count":0,"href":"https:\/\/claudy-clavien.ch\/de\/wp-json\/wp\/v2\/product\/30617\/revisions"}],"wp:featuredmedia":[{"embeddable":true,"href":"https:\/\/claudy-clavien.ch\/de\/wp-json\/wp\/v2\/media\/30437"}],"wp:attachment":[{"href":"https:\/\/claudy-clavien.ch\/de\/wp-json\/wp\/v2\/media?parent=30617"}],"wp:term":[{"taxonomy":"product_brand","embeddable":true,"href":"https:\/\/claudy-clavien.ch\/de\/wp-json\/wp\/v2\/product_brand?post=30617"},{"taxonomy":"product_cat","embeddable":true,"href":"https:\/\/claudy-clavien.ch\/de\/wp-json\/wp\/v2\/product_cat?post=30617"},{"taxonomy":"product_tag","embeddable":true,"href":"https:\/\/claudy-clavien.ch\/de\/wp-json\/wp\/v2\/product_tag?post=30617"}],"curies":[{"name":"wp","href":"https:\/\/api.w.org\/{rel}","templated":true}]}}