{"id":30602,"date":"2026-04-03T06:47:07","date_gmt":"2026-04-03T04:47:07","guid":{"rendered":"https:\/\/claudy-clavien.ch\/produit\/cornalin-carmin-des-pierres\/"},"modified":"2026-04-11T03:36:56","modified_gmt":"2026-04-11T01:36:56","slug":"cornalin-carmin-des-pierres","status":"publish","type":"product","link":"https:\/\/claudy-clavien.ch\/de\/produit\/cornalin-carmin-des-pierres\/","title":{"rendered":"Cornalin \u2014 Carmin des Pierres"},"content":{"rendered":"","protected":false},"excerpt":{"rendered":"<p>Was w\u00e4re das Wallis ohne den Cornalin, eine seiner edelsten roten Rebsorten. Die nat\u00fcrliche Lebhaftigkeit und die grundlegende Originalit\u00e4t des Cornalin werden hier durch einen langen Ausbau in Eichenf\u00e4ssern noch verst\u00e4rkt. Ein Wein, den man entweder in seiner jugendlichen Frische oder nach einigen Jahren im Keller genie\u00dfen kann.<\/p>\n<p>AOC Valais<\/p>\n<p>Enth\u00e4lt Sulfite<\/p>\n","protected":false},"featured_media":30438,"template":"","meta":[],"product_brand":[],"product_cat":[133,136],"product_tag":[],"class_list":{"0":"post-30602","1":"product","2":"type-product","3":"status-publish","4":"has-post-thumbnail","6":"product_cat-alle-unsere-weine","7":"product_cat-barrique-auswahl","9":"first","10":"instock","11":"shipping-taxable","12":"purchasable","13":"product-type-variable","14":"has-default-attributes"},"_links":{"self":[{"href":"https:\/\/claudy-clavien.ch\/de\/wp-json\/wp\/v2\/product\/30602","targetHints":{"allow":["GET"]}}],"collection":[{"href":"https:\/\/claudy-clavien.ch\/de\/wp-json\/wp\/v2\/product"}],"about":[{"href":"https:\/\/claudy-clavien.ch\/de\/wp-json\/wp\/v2\/types\/product"}],"version-history":[{"count":1,"href":"https:\/\/claudy-clavien.ch\/de\/wp-json\/wp\/v2\/product\/30602\/revisions"}],"predecessor-version":[{"id":30606,"href":"https:\/\/claudy-clavien.ch\/de\/wp-json\/wp\/v2\/product\/30602\/revisions\/30606"}],"wp:featuredmedia":[{"embeddable":true,"href":"https:\/\/claudy-clavien.ch\/de\/wp-json\/wp\/v2\/media\/30438"}],"wp:attachment":[{"href":"https:\/\/claudy-clavien.ch\/de\/wp-json\/wp\/v2\/media?parent=30602"}],"wp:term":[{"taxonomy":"product_brand","embeddable":true,"href":"https:\/\/claudy-clavien.ch\/de\/wp-json\/wp\/v2\/product_brand?post=30602"},{"taxonomy":"product_cat","embeddable":true,"href":"https:\/\/claudy-clavien.ch\/de\/wp-json\/wp\/v2\/product_cat?post=30602"},{"taxonomy":"product_tag","embeddable":true,"href":"https:\/\/claudy-clavien.ch\/de\/wp-json\/wp\/v2\/product_tag?post=30602"}],"curies":[{"name":"wp","href":"https:\/\/api.w.org\/{rel}","templated":true}]}}