{"id":30427,"date":"2026-03-25T13:11:39","date_gmt":"2026-03-25T12:11:39","guid":{"rendered":"https:\/\/claudy-clavien.ch\/politique-de-confidentialite\/"},"modified":"2026-04-10T16:49:25","modified_gmt":"2026-04-10T14:49:25","slug":"datenschutzrichtlinie","status":"publish","type":"page","link":"https:\/\/claudy-clavien.ch\/de\/datenschutzrichtlinie\/","title":{"rendered":"Datenschutzrichtlinie"},"content":{"rendered":"\t\t<div data-elementor-type=\"wp-page\" data-elementor-id=\"30427\" class=\"elementor elementor-30427 elementor-29257\" data-elementor-post-type=\"page\">\n\t\t\t\t<div class=\"wd-negative-gap elementor-element elementor-element-242bd4c wd-section-stretch e-flex e-con-boxed e-con e-parent\" data-id=\"242bd4c\" data-element_type=\"container\" data-e-type=\"container\" data-settings=\"{&quot;background_background&quot;:&quot;classic&quot;}\">\n\t\t\t\t\t<div class=\"e-con-inner\">\n\t\t\t\t<div class=\"elementor-element elementor-element-5f44d97 wd-width-100 elementor-widget elementor-widget-wd_title\" data-id=\"5f44d97\" data-element_type=\"widget\" data-e-type=\"widget\" data-widget_type=\"wd_title.default\">\n\t\t\t\t<div class=\"elementor-widget-container\">\n\t\t\t\t\t\t\t<div class=\"title-wrapper wd-set-mb reset-last-child wd-title-color-primary wd-title-style-default wd-title-size-default text-center\">\n\n\t\t\t\t\t\t\t\t\t\t\t<div class=\"title-subtitle subtitle-color-primary subtitle-style-default wd-fontsize-xs\">\n\t\t\t\t\tDomaine Claudy Clavien\t\t\t\t<\/div>\n\t\t\t\n\t\t\t<div class=\"liner-continer\">\n\t\t\t\t<p class=\"woodmart-title-container title wd-fontsize-l\">Datenschutzrichtlinie<\/p> \n\t\t\t\t\t\t\t<\/div>\n\n\t\t\t\t\t<\/div>\n\t\t\t\t\t\t<\/div>\n\t\t\t\t<\/div>\n\t\t\t\t\t<\/div>\n\t\t\t\t<\/div>\n\t\t<div class=\"elementor-element elementor-element-5e1b89b e-flex e-con-boxed e-con e-parent\" data-id=\"5e1b89b\" data-element_type=\"container\" data-e-type=\"container\">\n\t\t\t\t\t<div class=\"e-con-inner\">\n\t\t\t\t<div class=\"elementor-element elementor-element-1938501 wd-width-100 elementor-widget elementor-widget-wd_title\" data-id=\"1938501\" data-element_type=\"widget\" data-e-type=\"widget\" data-widget_type=\"wd_title.default\">\n\t\t\t\t<div class=\"elementor-widget-container\">\n\t\t\t\t\t\t\t<div class=\"title-wrapper wd-set-mb reset-last-child wd-title-color-primary wd-title-style-default wd-title-size-default text-left\">\n\n\t\t\t\n\t\t\t<div class=\"liner-continer\">\n\t\t\t\t<p class=\"woodmart-title-container title wd-fontsize-l\">Die Datenschutzerkl\u00e4rung kann jederzeit ge\u00e4ndert oder erg\u00e4nzt werden. Das Ziel besteht darin, alle gesetzlichen, beh\u00f6rdlichen, rechtswissenschaftlichen oder technologischen Entwicklungen einzuhalten und Sie als Benutzer zu warnen.<\/p> \n\t\t\t\t\t\t\t<\/div>\n\n\t\t\t\t\t<\/div>\n\t\t\t\t\t\t<\/div>\n\t\t\t\t<\/div>\n\t\t\t\t<div class=\"elementor-element elementor-element-b73ead3 justify elementor-widget elementor-widget-wd_text_block\" data-id=\"b73ead3\" data-element_type=\"widget\" data-e-type=\"widget\" data-widget_type=\"wd_text_block.default\">\n\t\t\t\t<div class=\"elementor-widget-container\">\n\t\t\t\t\t\t\t<div class=\"wd-text-block reset-last-child text-left\">\n\t\t\t\n\t\t\tDiese Datenschutzrichtlinie kann sich im Laufe der Zeit \u00e4ndern. Im Falle zuk\u00fcnftiger \u00c4nderungen oder zus\u00e4tzlicher Informationen wird das Datum der Aktualisierung oben in dieser Richtlinie deutlich angegeben. Daher sollte der Benutzer diese Vertraulichkeits- und Cookie-Verwendungsrichtlinie regelm\u00e4\u00dfig konsultieren, um \u00fcber etwaige \u00c4nderungen informiert zu sein.\n\t\t\t\t\t<\/div>\n\t\t\t\t\t\t<\/div>\n\t\t\t\t<\/div>\n\t\t\t\t<div class=\"elementor-element elementor-element-845001e wd-width-100 elementor-widget elementor-widget-wd_title\" data-id=\"845001e\" data-element_type=\"widget\" data-e-type=\"widget\" data-widget_type=\"wd_title.default\">\n\t\t\t\t<div class=\"elementor-widget-container\">\n\t\t\t\t\t\t\t<div class=\"title-wrapper wd-set-mb reset-last-child wd-title-color-primary wd-title-style-default wd-title-size-default text-left\">\n\n\t\t\t\n\t\t\t<div class=\"liner-continer\">\n\t\t\t\t<p class=\"woodmart-title-container title wd-fontsize-l\">Sammlung von Informationen<\/p> \n\t\t\t\t\t\t\t<\/div>\n\n\t\t\t\t\t<\/div>\n\t\t\t\t\t\t<\/div>\n\t\t\t\t<\/div>\n\t\t\t\t<div class=\"elementor-element elementor-element-1dd80a6 justify elementor-widget elementor-widget-wd_text_block\" data-id=\"1dd80a6\" data-element_type=\"widget\" data-e-type=\"widget\" data-widget_type=\"wd_text_block.default\">\n\t\t\t\t<div class=\"elementor-widget-container\">\n\t\t\t\t\t\t\t<div class=\"wd-text-block reset-last-child text-left\">\n\t\t\t\n\t\t\t<p>Wir erfassen Informationen, wenn Sie sich auf unserer Website registrieren oder uns auf der Kontaktseite schreiben. Zu den erfassten Informationen geh\u00f6ren Ihr Name und Ihre E-Mail-Adresse.<\/p><p>Dar\u00fcber hinaus empfangen und zeichnen wir automatisch Informationen von Ihrem Computer und Browser auf, einschlie\u00dflich Ihrer IP-Adresse, Software und Hardware sowie der von Ihnen angeforderten Seite.<\/p>\n\t\t\t\t\t<\/div>\n\t\t\t\t\t\t<\/div>\n\t\t\t\t<\/div>\n\t\t\t\t<div class=\"elementor-element elementor-element-4aa8200 wd-width-100 elementor-widget elementor-widget-wd_title\" data-id=\"4aa8200\" data-element_type=\"widget\" data-e-type=\"widget\" data-widget_type=\"wd_title.default\">\n\t\t\t\t<div class=\"elementor-widget-container\">\n\t\t\t\t\t\t\t<div class=\"title-wrapper wd-set-mb reset-last-child wd-title-color-primary wd-title-style-default wd-title-size-default text-left\">\n\n\t\t\t\n\t\t\t<div class=\"liner-continer\">\n\t\t\t\t<p class=\"woodmart-title-container title wd-fontsize-l\">Verwendung von Informationen<\/p> \n\t\t\t\t\t\t\t<\/div>\n\n\t\t\t\t\t<\/div>\n\t\t\t\t\t\t<\/div>\n\t\t\t\t<\/div>\n\t\t\t\t<div class=\"elementor-element elementor-element-d7677aa justify elementor-widget elementor-widget-wd_text_block\" data-id=\"d7677aa\" data-element_type=\"widget\" data-e-type=\"widget\" data-widget_type=\"wd_text_block.default\">\n\t\t\t\t<div class=\"elementor-widget-container\">\n\t\t\t\t\t\t\t<div class=\"wd-text-block reset-last-child text-left\">\n\t\t\t\n\t\t\t<p>Alle Informationen, die wir von Ihnen sammeln, k\u00f6nnen verwendet werden, um :<\/p><p>- Personalisieren Sie Ihr Erlebnis und erf\u00fcllen Sie Ihre individuellen Bed\u00fcrfnisse,<br \/>- Bereitstellung personalisierter Werbeinhalte,<br \/>- Verbessern Sie unsere Website,<br \/>- Verbessern Sie den Kundenservice und Ihren Supportbedarf,<br \/>- Kontaktieren Sie Sie per E-Mail.<\/p>\n\t\t\t\t\t<\/div>\n\t\t\t\t\t\t<\/div>\n\t\t\t\t<\/div>\n\t\t\t\t<div class=\"elementor-element elementor-element-2a87657 wd-width-100 elementor-widget elementor-widget-wd_title\" data-id=\"2a87657\" data-element_type=\"widget\" data-e-type=\"widget\" data-widget_type=\"wd_title.default\">\n\t\t\t\t<div class=\"elementor-widget-container\">\n\t\t\t\t\t\t\t<div class=\"title-wrapper wd-set-mb reset-last-child wd-title-color-primary wd-title-style-default wd-title-size-default text-left\">\n\n\t\t\t\n\t\t\t<div class=\"liner-continer\">\n\t\t\t\t<p class=\"woodmart-title-container title wd-fontsize-l\">Weitergabe an Dritte<\/p> \n\t\t\t\t\t\t\t<\/div>\n\n\t\t\t\t\t<\/div>\n\t\t\t\t\t\t<\/div>\n\t\t\t\t<\/div>\n\t\t\t\t<div class=\"elementor-element elementor-element-a805f35 justify elementor-widget elementor-widget-wd_text_block\" data-id=\"a805f35\" data-element_type=\"widget\" data-e-type=\"widget\" data-widget_type=\"wd_text_block.default\">\n\t\t\t\t<div class=\"elementor-widget-container\">\n\t\t\t\t\t\t\t<div class=\"wd-text-block reset-last-child text-left\">\n\t\t\t\n\t\t\t<p>Wir verkaufen, handeln oder \u00fcbermitteln Ihre personenbezogenen Daten nicht an Dritte. Dies gilt nicht f\u00fcr vertrauensw\u00fcrdige Dritte, die uns beim Betrieb unserer Website oder bei der F\u00fchrung unserer Gesch\u00e4fte unterst\u00fctzen, sofern diese Parteien sich verpflichten, diese Informationen vertraulich zu behandeln.<\/p><p>Wir glauben, dass es notwendig ist, Informationen weiterzugeben, um illegale Aktivit\u00e4ten, mutma\u00dflichen Betrug, Situationen mit potenziellen Bedrohungen f\u00fcr die k\u00f6rperliche Sicherheit von Personen, Verst\u00f6\u00dfe gegen unsere Nutzungsbedingungen zu untersuchen, zu verhindern oder entsprechende Ma\u00dfnahmen zu ergreifen, oder wenn das Gesetz dies verlangt tun Sie dies.<\/p><p>Nicht-private Informationen k\u00f6nnen jedoch an andere Parteien f\u00fcr Marketing-, Werbe- oder andere Zwecke weitergegeben werden.<\/p>\n\t\t\t\t\t<\/div>\n\t\t\t\t\t\t<\/div>\n\t\t\t\t<\/div>\n\t\t\t\t<div class=\"elementor-element elementor-element-f0082c9 wd-width-100 elementor-widget elementor-widget-wd_title\" data-id=\"f0082c9\" data-element_type=\"widget\" data-e-type=\"widget\" data-widget_type=\"wd_title.default\">\n\t\t\t\t<div class=\"elementor-widget-container\">\n\t\t\t\t\t\t\t<div class=\"title-wrapper wd-set-mb reset-last-child wd-title-color-primary wd-title-style-default wd-title-size-default text-left\">\n\n\t\t\t\n\t\t\t<div class=\"liner-continer\">\n\t\t\t\t<p class=\"woodmart-title-container title wd-fontsize-l\">Datenschutz<\/p> \n\t\t\t\t\t\t\t<\/div>\n\n\t\t\t\t\t<\/div>\n\t\t\t\t\t\t<\/div>\n\t\t\t\t<\/div>\n\t\t\t\t<div class=\"elementor-element elementor-element-cbd8534 justify elementor-widget elementor-widget-wd_text_block\" data-id=\"cbd8534\" data-element_type=\"widget\" data-e-type=\"widget\" data-widget_type=\"wd_text_block.default\">\n\t\t\t\t<div class=\"elementor-widget-container\">\n\t\t\t\t\t\t\t<div class=\"wd-text-block reset-last-child text-left\">\n\t\t\t\n\t\t\t<p>Wir implementieren verschiedene Sicherheitsma\u00dfnahmen, um Ihre pers\u00f6nlichen Daten zu sch\u00fctzen (SSL, DSGVO). Zum Schutz vertraulicher online \u00fcbertragener Informationen verwenden wir modernste Verschl\u00fcsselung. Wir sch\u00fctzen Ihre Daten auch offline. Nur Mitarbeiter, die eine bestimmte Aufgabe ausf\u00fchren m\u00fcssen (z. B. Rechnungsstellung oder Kundendienst), haben Zugriff auf personenbezogene Daten. Computer und Server, auf denen personenbezogene Daten gespeichert werden, werden in einer sicheren Umgebung aufbewahrt.<\/p>\n\t\t\t\t\t<\/div>\n\t\t\t\t\t\t<\/div>\n\t\t\t\t<\/div>\n\t\t\t\t<div class=\"elementor-element elementor-element-a2953bb wd-width-100 elementor-widget elementor-widget-wd_title\" data-id=\"a2953bb\" data-element_type=\"widget\" data-e-type=\"widget\" data-widget_type=\"wd_title.default\">\n\t\t\t\t<div class=\"elementor-widget-container\">\n\t\t\t\t\t\t\t<div class=\"title-wrapper wd-set-mb reset-last-child wd-title-color-primary wd-title-style-default wd-title-size-default text-left\">\n\n\t\t\t\n\t\t\t<div class=\"liner-continer\">\n\t\t\t\t<p class=\"woodmart-title-container title wd-fontsize-l\">Verwenden wir Cookies ?<\/p> \n\t\t\t\t\t\t\t<\/div>\n\n\t\t\t\t\t<\/div>\n\t\t\t\t\t\t<\/div>\n\t\t\t\t<\/div>\n\t\t\t\t<div class=\"elementor-element elementor-element-45afd56 justify elementor-widget elementor-widget-wd_text_block\" data-id=\"45afd56\" data-element_type=\"widget\" data-e-type=\"widget\" data-widget_type=\"wd_text_block.default\">\n\t\t\t\t<div class=\"elementor-widget-container\">\n\t\t\t\t\t\t\t<div class=\"wd-text-block reset-last-child text-left\">\n\t\t\t\n\t\t\t<p>Ja. Unsere Cookies verbessern den Zugriff auf unsere Website und identifizieren wiederkehrende Besucher. Dar\u00fcber hinaus verbessern unsere Cookies das Benutzererlebnis, indem sie ihre Interessen verfolgen und gezielt darauf abzielen. Diese Verwendung von Cookies ist jedoch in keiner Weise mit personenbezogenen Daten auf unserer Website verkn\u00fcpft.<\/p>\n\t\t\t\t\t<\/div>\n\t\t\t\t\t\t<\/div>\n\t\t\t\t<\/div>\n\t\t\t\t<div class=\"elementor-element elementor-element-031b0ed wd-width-100 elementor-widget elementor-widget-wd_title\" data-id=\"031b0ed\" data-element_type=\"widget\" data-e-type=\"widget\" data-widget_type=\"wd_title.default\">\n\t\t\t\t<div class=\"elementor-widget-container\">\n\t\t\t\t\t\t\t<div class=\"title-wrapper wd-set-mb reset-last-child wd-title-color-primary wd-title-style-default wd-title-size-default text-left\">\n\n\t\t\t\n\t\t\t<div class=\"liner-continer\">\n\t\t\t\t<p class=\"woodmart-title-container title wd-fontsize-l\">reCAPTCHA<\/p> \n\t\t\t\t\t\t\t<\/div>\n\n\t\t\t\t\t<\/div>\n\t\t\t\t\t\t<\/div>\n\t\t\t\t<\/div>\n\t\t\t\t<div class=\"elementor-element elementor-element-b875b78 justify elementor-widget elementor-widget-wd_text_block\" data-id=\"b875b78\" data-element_type=\"widget\" data-e-type=\"widget\" data-widget_type=\"wd_text_block.default\">\n\t\t\t\t<div class=\"elementor-widget-container\">\n\t\t\t\t\t\t\t<div class=\"wd-text-block reset-last-child text-left\">\n\t\t\t\n\t\t\t<p>Diese Website wird durch reCAPTCHA gesch\u00fctzt; es gelten die <a href=\"https:\/\/policies.google.com\/privacy\" target=\"_blank\" rel=\"noopener\">Datenschutzbestimmungen<\/a> sowie die <a href=\"https:\/\/policies.google.com\/terms\" target=\"_blank\" rel=\"noopener\">Nutzungsbedingungen<\/a> von Google.<\/p>\n\t\t\t\t\t<\/div>\n\t\t\t\t\t\t<\/div>\n\t\t\t\t<\/div>\n\t\t\t\t<div class=\"elementor-element elementor-element-5d41cdb wd-width-100 elementor-widget elementor-widget-wd_title\" data-id=\"5d41cdb\" data-element_type=\"widget\" data-e-type=\"widget\" data-widget_type=\"wd_title.default\">\n\t\t\t\t<div class=\"elementor-widget-container\">\n\t\t\t\t\t\t\t<div class=\"title-wrapper wd-set-mb reset-last-child wd-title-color-primary wd-title-style-default wd-title-size-default text-left\">\n\n\t\t\t\n\t\t\t<div class=\"liner-continer\">\n\t\t\t\t<p class=\"woodmart-title-container title wd-fontsize-l\">Abmelden<\/p> \n\t\t\t\t\t\t\t<\/div>\n\n\t\t\t\t\t<\/div>\n\t\t\t\t\t\t<\/div>\n\t\t\t\t<\/div>\n\t\t\t\t<div class=\"elementor-element elementor-element-b9c5a8b justify elementor-widget elementor-widget-wd_text_block\" data-id=\"b9c5a8b\" data-element_type=\"widget\" data-e-type=\"widget\" data-widget_type=\"wd_text_block.default\">\n\t\t\t\t<div class=\"elementor-widget-container\">\n\t\t\t\t\t\t\t<div class=\"wd-text-block reset-last-child text-left\">\n\t\t\t\n\t\t\t<p>Wir nutzen die von Ihnen angegebene E-Mail-Adresse f\u00fcr den Versand von Informationen, beispielsweise per E-Mail. Wenn Sie sich zu irgendeinem Zeitpunkt abmelden und unsere Mailings nicht mehr erhalten m\u00f6chten, finden Sie unten in jeder E-Mail detaillierte Anweisungen zum Abbestellen.<\/p>\n\t\t\t\t\t<\/div>\n\t\t\t\t\t\t<\/div>\n\t\t\t\t<\/div>\n\t\t\t\t<div class=\"elementor-element elementor-element-b41ee92 wd-width-100 elementor-widget elementor-widget-wd_title\" data-id=\"b41ee92\" data-element_type=\"widget\" data-e-type=\"widget\" data-widget_type=\"wd_title.default\">\n\t\t\t\t<div class=\"elementor-widget-container\">\n\t\t\t\t\t\t\t<div class=\"title-wrapper wd-set-mb reset-last-child wd-title-color-primary wd-title-style-default wd-title-size-default text-left\">\n\n\t\t\t\n\t\t\t<div class=\"liner-continer\">\n\t\t\t\t<p class=\"woodmart-title-container title wd-fontsize-l\">Einwilligung<\/p> \n\t\t\t\t\t\t\t<\/div>\n\n\t\t\t\t\t<\/div>\n\t\t\t\t\t\t<\/div>\n\t\t\t\t<\/div>\n\t\t\t\t<div class=\"elementor-element elementor-element-e395985 justify elementor-widget elementor-widget-wd_text_block\" data-id=\"e395985\" data-element_type=\"widget\" data-e-type=\"widget\" data-widget_type=\"wd_text_block.default\">\n\t\t\t\t<div class=\"elementor-widget-container\">\n\t\t\t\t\t\t\t<div class=\"wd-text-block reset-last-child text-left\">\n\t\t\t\n\t\t\t<p>Durch die Nutzung unserer Website stimmen Sie unserer Datenschutzerkl\u00e4rung zu.<\/p>\n\t\t\t\t\t<\/div>\n\t\t\t\t\t\t<\/div>\n\t\t\t\t<\/div>\n\t\t\t\t\t<\/div>\n\t\t\t\t<\/div>\n\t\t\t\t<\/div>\n\t\t","protected":false},"excerpt":{"rendered":"<p>Domaine Claudy Clavien Datenschutzrichtlinie Die Datenschutzerkl\u00e4rung kann jederzeit ge\u00e4ndert oder erg\u00e4nzt werden. Das Ziel besteht darin, alle gesetzlichen, beh\u00f6rdlichen, rechtswissenschaftlichen<\/p>\n","protected":false},"author":1,"featured_media":0,"parent":0,"menu_order":0,"comment_status":"closed","ping_status":"closed","template":"","meta":{"footnotes":""},"class_list":["post-30427","page","type-page","status-publish","hentry"],"_links":{"self":[{"href":"https:\/\/claudy-clavien.ch\/de\/wp-json\/wp\/v2\/pages\/30427","targetHints":{"allow":["GET"]}}],"collection":[{"href":"https:\/\/claudy-clavien.ch\/de\/wp-json\/wp\/v2\/pages"}],"about":[{"href":"https:\/\/claudy-clavien.ch\/de\/wp-json\/wp\/v2\/types\/page"}],"author":[{"embeddable":true,"href":"https:\/\/claudy-clavien.ch\/de\/wp-json\/wp\/v2\/users\/1"}],"replies":[{"embeddable":true,"href":"https:\/\/claudy-clavien.ch\/de\/wp-json\/wp\/v2\/comments?post=30427"}],"version-history":[{"count":0,"href":"https:\/\/claudy-clavien.ch\/de\/wp-json\/wp\/v2\/pages\/30427\/revisions"}],"wp:attachment":[{"href":"https:\/\/claudy-clavien.ch\/de\/wp-json\/wp\/v2\/media?parent=30427"}],"curies":[{"name":"wp","href":"https:\/\/api.w.org\/{rel}","templated":true}]}}